{"id":42,"date":"2022-03-15T19:07:00","date_gmt":"2022-03-15T18:07:00","guid":{"rendered":"http:\/\/192.168.143.19\/wordpress\/?page_id=42"},"modified":"2022-03-24T16:08:25","modified_gmt":"2022-03-24T15:08:25","slug":"contactez-nous","status":"publish","type":"page","link":"https:\/\/www.peraldi.com\/wordpress\/index.php\/contactez-nous\/","title":{"rendered":"Contactez-nous"},"content":{"rendered":"\n<p><\/p>\n\n\n\n<div class=\"wp-block-media-text alignwide is-stacked-on-mobile\"><figure class=\"wp-block-media-text__media\"><img loading=\"lazy\" width=\"448\" height=\"446\" src=\"https:\/\/www.peraldi.com\/wordpress\/wp-content\/uploads\/2022\/03\/Peraldifils.jpg\" alt=\"\" class=\"wp-image-98 size-full\"\/><\/figure><div class=\"wp-block-media-text__content\">\n<p class=\"has-medium-font-size\"><strong>Peraldi SAS<\/strong> <br>Gabella 20117 CAURO <br>(CORSE du SUD)<\/p>\n\n\n\n<p style=\"font-size:16px\">Horaires d\u2019ouverture : Du lundi au vendredi de 8h \u00e0 12h , de 14h \u00e0 18h30 Samedi de 8h \u00e0 12h.<br>T\u00e9l\u00e9phone : 04 95 28 40 59<br>T\u00e9l\u00e9copie :04 95 28 45 36<\/p>\n\n\n\n<p style=\"font-size:16px\">Email&nbsp;: <a href=\"mailto:paul@peraldi.fr?subject=Demande%20de%20renseignements.\">paul@peraldi.com<\/a><br><strong>Itin\u00e9raire depuis Ajaccio :<\/strong> Sortir d\u2019Ajaccio et suivre la direction Sart\u00e8ne&nbsp; sur la RT 40 . Distance d\u2019Ajaccio 18 km. Dur\u00e9e du trajet 20 minutes.<\/p>\n<\/div><\/div>\n","protected":false},"excerpt":{"rendered":"<p>Peraldi SAS Gabella 20117 CAURO (CORSE du SUD) Horaires d\u2019ouverture : Du lundi au vendredi de 8h \u00e0 12h , [&hellip;]<\/p>\n","protected":false},"author":1,"featured_media":0,"parent":0,"menu_order":0,"comment_status":"closed","ping_status":"closed","template":"","meta":{"spay_email":""},"_links":{"self":[{"href":"https:\/\/www.peraldi.com\/wordpress\/index.php\/wp-json\/wp\/v2\/pages\/42"}],"collection":[{"href":"https:\/\/www.peraldi.com\/wordpress\/index.php\/wp-json\/wp\/v2\/pages"}],"about":[{"href":"https:\/\/www.peraldi.com\/wordpress\/index.php\/wp-json\/wp\/v2\/types\/page"}],"author":[{"embeddable":true,"href":"https:\/\/www.peraldi.com\/wordpress\/index.php\/wp-json\/wp\/v2\/users\/1"}],"replies":[{"embeddable":true,"href":"https:\/\/www.peraldi.com\/wordpress\/index.php\/wp-json\/wp\/v2\/comments?post=42"}],"version-history":[{"count":9,"href":"https:\/\/www.peraldi.com\/wordpress\/index.php\/wp-json\/wp\/v2\/pages\/42\/revisions"}],"predecessor-version":[{"id":183,"href":"https:\/\/www.peraldi.com\/wordpress\/index.php\/wp-json\/wp\/v2\/pages\/42\/revisions\/183"}],"wp:attachment":[{"href":"https:\/\/www.peraldi.com\/wordpress\/index.php\/wp-json\/wp\/v2\/media?parent=42"}],"curies":[{"name":"wp","href":"https:\/\/api.w.org\/{rel}","templated":true}]}}