{"id":2,"date":"2022-03-10T12:55:30","date_gmt":"2022-03-10T11:55:30","guid":{"rendered":"http:\/\/192.168.143.19\/wordpress\/?page_id=2"},"modified":"2022-03-30T17:48:20","modified_gmt":"2022-03-30T15:48:20","slug":"page-d-exemple","status":"publish","type":"page","link":"https:\/\/www.peraldi.com\/wordpress\/","title":{"rendered":"Accueil"},"content":{"rendered":"\n<p class=\"has-drop-cap has-text-align-left\" style=\"font-size:16px\">Depuis 1885, nous sommes entrepositaire en CORSE de vins corses, vins du continent, champagnes, boissons et spiritueux. <br><br>Vous \u00eates <strong>r<\/strong>estaurateur, h\u00f4telier, cafetie<strong>r <\/strong>ou simple particulier,\u00a0 nous mettons \u00e0 votre disposition une large gamme de vins, champagnes et alcools fins soigneusement s\u00e9lectionn\u00e9s pour leur qualit\u00e9, leur authenticit\u00e9 et leur caract\u00e8re.<br><br>Notre exp\u00e9rience \u00e0 votre servic<strong>e<\/strong>: Notre d\u00e9marche permanente est de vous faire d\u00e9couvrir de nouveaux produits et appellations.<br><br>Venez d\u00e9couvrir les AOC Corses \u00e0 l\u2019occasion de nos \u00e9v\u00e8nements avec <strong>s\u00e9ances de d\u00e9gustation <\/strong>dans notre cave.<br><br>Nous vous conseillons pour vos mariages, f\u00eates, bapt\u00eames\u2026<br><br>Nous assurons un <strong>service de livraison<\/strong> gratuit sur Ajaccio, Rive-Sud, Prunelli, Haut Taravo, mais \u00e9galement un <strong>service d\u2018exp\u00e9dition<\/strong> en France continentale et sur toute l\u2019Europe.<br>Bien \u00e0 vous.<br>Paul PERALDI<\/p>\n\n\n\n<p><\/p>\n\n\n\n<p class=\"has-text-align-left\"><\/p>\n\n\n\n<p class=\"has-text-align-left\"><\/p>\n\n\n\n<p class=\"has-text-align-left\"><\/p>\n\n\n\n<p class=\"has-text-align-left\"><\/p>\n\n\n\n<p class=\"has-text-align-left\"><\/p>\n\n\n\n<p class=\"has-text-align-left\"><\/p>\n\n\n\n<p><\/p>\n","protected":false},"excerpt":{"rendered":"<p>Depuis 1885, nous sommes entrepositaire en CORSE de vins corses, vins du continent, champagnes, boissons et spiritueux. Vous \u00eates restaurateur, [&hellip;]<\/p>\n","protected":false},"author":1,"featured_media":0,"parent":0,"menu_order":0,"comment_status":"closed","ping_status":"open","template":"","meta":{"spay_email":""},"_links":{"self":[{"href":"https:\/\/www.peraldi.com\/wordpress\/index.php\/wp-json\/wp\/v2\/pages\/2"}],"collection":[{"href":"https:\/\/www.peraldi.com\/wordpress\/index.php\/wp-json\/wp\/v2\/pages"}],"about":[{"href":"https:\/\/www.peraldi.com\/wordpress\/index.php\/wp-json\/wp\/v2\/types\/page"}],"author":[{"embeddable":true,"href":"https:\/\/www.peraldi.com\/wordpress\/index.php\/wp-json\/wp\/v2\/users\/1"}],"replies":[{"embeddable":true,"href":"https:\/\/www.peraldi.com\/wordpress\/index.php\/wp-json\/wp\/v2\/comments?post=2"}],"version-history":[{"count":17,"href":"https:\/\/www.peraldi.com\/wordpress\/index.php\/wp-json\/wp\/v2\/pages\/2\/revisions"}],"predecessor-version":[{"id":199,"href":"https:\/\/www.peraldi.com\/wordpress\/index.php\/wp-json\/wp\/v2\/pages\/2\/revisions\/199"}],"wp:attachment":[{"href":"https:\/\/www.peraldi.com\/wordpress\/index.php\/wp-json\/wp\/v2\/media?parent=2"}],"curies":[{"name":"wp","href":"https:\/\/api.w.org\/{rel}","templated":true}]}}